{"id":56,"date":"2015-06-22T12:31:39","date_gmt":"2015-06-22T10:31:39","guid":{"rendered":"http:\/\/m40.corsidistudio.unina.it\/?page_id=56"},"modified":"2026-02-02T09:18:20","modified_gmt":"2026-02-02T08:18:20","slug":"contatti","status":"publish","type":"page","link":"https:\/\/m40.corsidistudio.unina.it\/?page_id=56","title":{"rendered":"Contatti"},"content":{"rendered":"<p><strong><span style=\"color: #800080\">Rubrica telefonica in aggiornamento<\/span><\/strong><\/p>\n<h3><span style=\"color: #0000ff\"><em><strong>Coordinatore del C.d.L.M.\u00a0\u00a0<\/strong><\/em><\/span><\/h3>\n<p><span style=\"color: #0000ff\">ed. 14\u00a0\u00a0<\/span><\/p>\n<p><span style=\"color: #0000ff\">tel. 081\/7462118<\/span><\/p>\n<p><span style=\"color: #0000ff\"><em><strong>Segreteria didattica\u00a0Dott.ssa Marcella Donato<\/strong><\/em><\/span><\/p>\n<p><span style=\"color: #0000ff\">ed. 13 piano terra \u00a0&#8211; email: m.donato@unina.it<\/span><\/p>\n<p>&nbsp;<\/p>\n<p><!--more--><\/p>\n<p><span style=\"color: #0000ff\">\u00a0<\/span><\/p>\n<p><span style=\"color: #0000ff\">La\u00a0<strong>Segreteria Didattica del CdS<\/strong>\u00a0\u00a0di Odontoiatria e Protesi Dentaria\u00a0svolge i seguenti compiti:<\/span><\/p>\n<ol>\n<li><span style=\"color: #0000ff\">Ricevimento Studenti in presenza<\/span><\/li>\n<li><span style=\"color: #0000ff\">Ricevimento Studenti ON-LINE (Segreteria Didattica ON-LINE)<\/span><\/li>\n<li><span style=\"color: #0000ff\">Accoglienza Matricole<\/span><\/li>\n<li><span style=\"color: #0000ff\">Certificati a studenti lavoratori.<\/span><\/li>\n<li><span style=\"color: #0000ff\">Segnalazione di criticit\u00e0<\/span><\/li>\n<li><span style=\"color: #0000ff\">Interfaccia con Segreteria Studenti per carriere (si ricorda che la\u00a0<span style=\"color: #800080\"><a style=\"color: #800080\" href=\"https:\/\/www.unina.it\/-\/769570-segreteria-studenti-area-didattica-medicina-e-chirurgia\">Segreteria Studenti Area didattica Medicina e Chirurgia<\/a>\u00a0<\/span>svolge\u00a0<strong>compiti diversi<\/strong>\u00a0dalla\u00a0<strong>Segreteria Didattica dei CdS<\/strong>)<\/span><\/li>\n<li><span style=\"color: #0000ff\">\u00a0<\/span><span style=\"color: #0000ff\">Gestione piani di studio e Insegnamenti a scelta<\/span><\/li>\n<li><span style=\"color: #0000ff\">Valutazione requisiti di ammissione<\/span><\/li>\n<li><span style=\"color: #0000ff\">Valutazione carriere per trasferimenti in ingresso<\/span><\/li>\n<li><span style=\"color: #0000ff\">Gestione Tirocini istituzionali obbligatori<\/span><\/li>\n<li><span style=\"color: #0000ff\">Supporto per l\u2019attribuzione tesi di Laurea\u00a0<\/span><\/li>\n<\/ol>\n<p><span style=\"color: #0000ff\">\u00a0<\/span><\/p>\n<p><span style=\"color: #0000ff\"><strong><em><a style=\"color: #0000ff\" href=\"http:\/\/www.unina.it\/-\/769570-segreteria-studenti-area-didattica-medicina-e-chirurgia\">Segreteria Studenti<\/a>\u00a0<\/em><\/strong>\u00a0&#8211; ed. 22 Tel. 081\/679722 &#8211; 27\u00a0&#8211; 28-25<\/span><\/p>\n<p><span style=\"color: #0000ff\">Dott.\u00a0<b>Salvatore RONCA<\/b>\u00a0(Capo Ufficio) Tel. 081\/ 679722\u00a0<\/span><\/p>\n<p><span style=\"color: #0000ff\">EMAIL:\u00a0\u00a0<u>segremed@unina.it<\/u><\/span><\/p>\n<p><span style=\"color: #0000ff\">\u00a0<\/span><\/p>\n<p><span style=\"color: #0000ff\"><strong>Redazione della Guida dello Studente<\/strong><\/span><\/p>\n<p><span style=\"color: #0000ff\">Prof. Michele Nicol\u00f2- Dott.ssa Marcella Donato<\/span><\/p>\n<p><span style=\"color: #0000ff\">\u00a0<\/span><\/p>\n<p><span style=\"color: #0000ff\"><strong>Ricevimento Studenti<\/strong><\/span><\/p>\n<p><span style=\"color: #0000ff\"><strong>Disponibilit\u00e0 del Coordinatore del Corso di Studi<\/strong><\/span><\/p>\n<p><span style=\"color: #0000ff\">Il Coordinatore del Corso di Studi riceve gli studenti il marted\u00ec, mercoled\u00ec e gioved\u00ec dalle ore 12,00 alle ore 13,00 o in altri giorni previo appuntamento telefonico.<\/span><\/p>\n<p><span style=\"color: #0000ff\">\u00a0<\/span><\/p>\n<p><span style=\"color: #0000ff\"><strong>Ufficio di Segreteria Studenti<\/strong><\/span><\/p>\n<p><span style=\"color: #0000ff\">L&#8217;orario di apertura al pubblico \u00e8: luned\u00ec, mercoled\u00ec e venerd\u00ec dalle ore 9,00 alle ore 12,00; marted\u00ec e gioved\u00ec<\/span><\/p>\n<p><span style=\"color: #0000ff\">dalle ore 9,00 alle ore 12,00 e dalle ore 14,30 alle ore 16,30<\/span><\/p>\n<p><span style=\"color: #0000ff\">\u00a0<\/span><\/p>\n<p><span style=\"text-decoration: underline;color: #0000ff\"><strong>Disponibilit\u00e0 del Capo Ufficio della Segreteria degli Studenti<\/strong><\/span><\/p>\n<p><span style=\"color: #0000ff\">Il Capo dell&#8217;Ufficio di Segreteria Studenti ricevere studenti singoli e\/o rappresentanze degli studenti il marted\u00ec dalle ore 10,30 alle ore 13,30 e dalle ore 15,00 alle ore 16.30. Ogni eventuale variazione sar\u00e0 resa nota con affissione all&#8217;albo dell&#8217;ufficio<\/span><\/p>\n","protected":false},"excerpt":{"rendered":"<p>Rubrica telefonica in aggiornamento Coordinatore del C.d.L.M.\u00a0\u00a0 ed. 14\u00a0\u00a0 tel. 081\/7462118 Segreteria didattica\u00a0Dott.ssa Marcella Donato ed. 13 piano terra \u00a0&#8211; email: m.donato@unina.it &nbsp;<\/p>\n","protected":false},"author":3,"featured_media":0,"parent":0,"menu_order":0,"comment_status":"closed","ping_status":"closed","template":"page-fullwidth.php","meta":{"footnotes":""},"class_list":["post-56","page","type-page","status-publish","hentry"],"_links":{"self":[{"href":"https:\/\/m40.corsidistudio.unina.it\/index.php?rest_route=\/wp\/v2\/pages\/56","targetHints":{"allow":["GET"]}}],"collection":[{"href":"https:\/\/m40.corsidistudio.unina.it\/index.php?rest_route=\/wp\/v2\/pages"}],"about":[{"href":"https:\/\/m40.corsidistudio.unina.it\/index.php?rest_route=\/wp\/v2\/types\/page"}],"author":[{"embeddable":true,"href":"https:\/\/m40.corsidistudio.unina.it\/index.php?rest_route=\/wp\/v2\/users\/3"}],"replies":[{"embeddable":true,"href":"https:\/\/m40.corsidistudio.unina.it\/index.php?rest_route=%2Fwp%2Fv2%2Fcomments&post=56"}],"version-history":[{"count":36,"href":"https:\/\/m40.corsidistudio.unina.it\/index.php?rest_route=\/wp\/v2\/pages\/56\/revisions"}],"predecessor-version":[{"id":2617,"href":"https:\/\/m40.corsidistudio.unina.it\/index.php?rest_route=\/wp\/v2\/pages\/56\/revisions\/2617"}],"wp:attachment":[{"href":"https:\/\/m40.corsidistudio.unina.it\/index.php?rest_route=%2Fwp%2Fv2%2Fmedia&parent=56"}],"curies":[{"name":"wp","href":"https:\/\/api.w.org\/{rel}","templated":true}]}}